{"id":532,"date":"2017-04-06T11:08:42","date_gmt":"2017-04-06T10:08:42","guid":{"rendered":"https:\/\/leber.org\/zer-da-leber\/"},"modified":"2026-03-02T20:41:23","modified_gmt":"2026-03-02T19:41:23","slug":"zer-da-leber","status":"publish","type":"page","link":"https:\/\/leber.org\/eu\/zer-da-leber\/","title":{"rendered":"Zer da LEBER?"},"content":{"rendered":"<section id='que-es-leber-1' class='fullheight mediumfullheight vcenter section' data-title='Zer da LEBER?'><div class='degsmall'><div class='row'>\n<div class=\"large-8 large-ofset-2 medium-8 medium-offset-2 columns\">\n<h1 class=\"text-center\">Zer da LEBER?<\/h1>\n<p class=\"text-center\">Garraioaren, trafikoaren eta hirigintzan, ekonomian eta hiri- eta ingurumen-kalitatean izan dezakeen eraginaren planifikazioan espezializatutako aholkularitza-enpresa gara.<\/p>\n<p class=\"text-center\">Enpresa gisa jarduerari ekin genionetik, 1989ko otsailetik, zerbitzu horiek modu independentean, sortzailean eta artearen egoeraren estandarrei jarraiki eskaintzea jarri genuen helburu.<\/p>\n<\/div>\n<p><\/div><a href='#que-es-leber-2' class='nextsection show-for-medium'><\/a><\/div><\/section><br \/>\n<section id='que-es-leber-2' class='fullheight mediumfullheight vcenter section' data-title='Gure izaeraren ezaugarriak'><div class='degsmall'><div class='row'><\/p>\n<div class=\"large-6 large-ofset-1 medium-6 medium-offset-1 columns\">\n<h2>Gure izaeraren ezaugarriak<\/h2>\n<p class=\"text-left\">LEBER Planificaci\u00f3n e Ingenier\u00eda, SLL enpresa gisa 1989tik ibilbidea egin duen garraio-, trafiko- eta mugikortasun-ingeniaritzan espezializatutako aholkularitza-enpresa da.<\/p>\n<p class=\"text-left\">Gure zerbitzu eskaintza zabala eta koherentea da garraio-sistemaren hobekuntza eta, beraz, gure herri, hiri, metropoli-eremu eta komunitate autonomoetako kalitatea eta eraginkortasun ekonomikoa hobetzea lortu nahi duten erabaki eta eraikuntza- edo kudeaketa-proiektuetarako aukera alternatiboak sortzeko eta aztertzeko helburuarekin.<\/p>\n<p class=\"text-left\">Enpresa gisa jarduerari ekin genionetik, 1989ko otsailetik, zerbitzu horiek modu independentean, sortzailean eta artearen egoeraren estandarrei jarraiki eskaintzea jarri genuen helburu. Horrez gain, iraunkortasun-irizpideak hiru alderditan betetzeari dagokionez dugun erantzukizunaz jabetzen gara: garapen ekonomikoa, ekitate soziala eta ingurumenarekiko errespetua.<\/p>\n<p class=\"text-left\">Gure lan-ildo tradizionalaren oinarria garraio-sistemen eraginkortasun maila gorenak lortzea eta garraio eremuaz haraindi sistemaren eraginkortasuna aztertzea da, era berean Hirigintzak gure bizitegi eta lan-guneetako Eraginkortasun Ekonomikoan eta Hiri eta Ingurumen Kalitatean duen eragina neurtuz.<\/p>\n<\/div>\n<p><\/div><\/div><\/section><br \/>\n<section id='que-es-leber-3' class='fullheight mediumfullheight vcenter section' data-title='Gure jarduera'><div class='degsmall'><div class='row'><\/p>\n<div class=\"large-6 large-ofset-1 medium-6 medium-offset-1 columns\">\n<h2>Gure jarduera<\/h2>\n<p class=\"text-left\">LEBERek herri mailako, eskualdeko, probintzia eta lurraldeko, eta autonomiako administrazioarentzat nahiz bezero pribatuentzat lan egiten du<\/p>\n<p class=\"text-left\">Honakoak landu ditugu jada:<\/p>\n<ul>\n<li>Udaletxe eta eskualdetarako hiri-mugikortasunerako planak<\/li>\n<li>Trafiko- eta aparkamendu-planak, gune publikoak, oinezkoentzako bideak prestatzea eta trafikoaren lasaitzea<\/li>\n<li>Hiriko eta hirien arteko garraio publikoa berrezartzeko planak<\/li>\n<li>Garraioaren arloan lurren erabileraren eta lurralde-ordenamenduaren estrategiarako planak<br \/>\nBizitegi, merkataritza eta enplegu-garapen berrietarako garraioaren eragina<\/li>\n<li>Bide \u2013libre edo bidesaridunen\u2013 edo trenbide nahiz orokorrean garraio publikorako azpiegituren eskariaren estimazioak, finantza- eta ekonomia-azterketak eta eraginkortasuna hobetzeko proposamenak eginez.<\/li>\n<li>Bide-segurtasuna hobetzeko planak<\/li>\n<li>Garraioari lotutako kanpo-kostuen estimaziorako ikerketak<\/li>\n<li>Lantegietarako irisgarritasun planak: industrialdeak eta parke teknologikoak<\/li>\n<li>Hirigintza arloko aholkularitza<\/li>\n<li>Udal GISak sortzea<\/li>\n<\/ul>\n<p class=\"text-left\">Eta orokorrean, gure proposamenak garatzeko eta gure lan-esparruari lotutako gaien inguruan bezeroak aholkatzeko laguntza teknikoa.<\/p>\n<\/div>\n<p><\/div><\/div><\/section><br \/>\n<section id='que-es-leber-4' class='fullheight mediumfullheight vcenter section' data-title='Euskadin dugun esperientzia'><div class='degsmall'><div class='row'><\/p>\n<div class=\"large-6 large-ofset-1 medium-6 medium-offset-1 columns\">\n<h2>Euskadin dugun esperientzia<\/h2>\n<p class=\"text-left\"><img decoding=\"async\" src=\"\/wp-content\/uploads\/2017\/04\/Mapa-nuestra-experiencia-en-euskadi.png\" alt=\"Euskadin dugun esperientzia\" \/><\/p>\n<p class=\"text-left\">Laredo, Tutera, Murtzia, Saint Adri\u00e0 del Bes\u00f3s eta Errioxako Gobernurako garatutako Logro\u00f1oko Metropoli-esparrurako Errepideen planaz gain.<\/p>\n<\/div>\n<p><\/div><\/div><\/section><br \/>\n<section id='que-es-leber-5' class='fullheight mediumfullheight vcenter section' data-title='Udalekiko lankidetza'><div class='degsmall'><div class='row'><\/p>\n<div class=\"large-6 large-ofset-1 medium-6 medium-offset-1 columns\">\n<h2>Udalekiko lankidetza:<\/h2>\n<p class=\"text-left\">Hainbat Udalerrirekin lan egin dugu. Aipagarrienak:<\/p>\n<ul>\n<li>Getxori emandako sari nazionala<\/li>\n<li>Bilbon, Donostian, Zornotzan, Tolosan, Azkoitian, Durangon, Barakaldon, Laredon, Tuteran, Murtzian, eta abarretan egindako lanak.<\/li>\n<\/ul>\n<p class=\"text-left\">Gure ekarpenen artean esanguratsuenak:<\/p>\n<ul>\n<li>Ordaintzen den aparkalekurako kontrol-eskema berritzailea bultzatu dugu, matrikulen kontrol zentralizatuen bidez.<\/li>\n<li>Trafikoaren abiadura mugatzeko aukera ematen duten semaforo-uhin berdeak sortu ditugu, horrela, geldialdi kopurua ere gutxituz.<\/li>\n<li>Gune publikoak sortzeko eta hobetzeko ikuspegi globala gidatu dugu, hausnarketa estrategikorako eta parte hartze publikorako eskema berriak sortuz, gure haur-programa barne.<\/li>\n<li>Eskariaren hobekuntzaren eta zerbitzuaren kostuaren gutxitzeekin hiri-autobusaren zerbitzuak optimizatu ditugu.<\/li>\n<li>Bide-segurtasunerako planak gauzatu ditugu, Bilbokoa kasu.<\/li>\n<\/ul>\n<\/div>\n<p><\/div><\/div><\/section><br \/>\n<section id='ctacontact' data-title='Kontaktua'>\n\t\t<div class='row'>\n\t\t\t<div class='large-6 large-offset-6 medium-6 medium-offset-6 columns'><h3>Kontaktua<\/h3><script src='https:\/\/www.google.com\/recaptcha\/api.js'><\/script><form action='https:\/\/leber.org\/eu\/zer-da-leber\/#contactform' method='post' id='contactform'><input name='fname' value='' placeholder='Izena*' tabindex='1' type='text' \/><input name='femail' value='' placeholder='Posta elektronikoa*' tabindex='2' type='text' \/><input name='fphone' value='' placeholder='Telefonoa*' tabindex='3' type='text' \/><textarea rows='4' cols='20' name='fcomment' placeholder='Zertan lagun zaitzakegu?' tabindex='4'><\/textarea><div class='g-recaptcha' data-sitekey='6LfcwSIUAAAAAB2JYiq_o907B-9hl5oJue3sIqRn'><\/div><br\/><p class='check text-left'><input name='fadvise' value='1' tabindex='5' type='checkbox' \/> Irakurri dut eta onartzen dut datuen <a href=\"https:\/\/leber.org\/aviso-legal\/\">babeserako politika<\/a>.<\/p><p class='text-center'><input class='redbutton invert' name='submit' value='Bidali' tabindex='6' type='submit' \/><\/p><\/form><\/div>\n\t\t<\/div>\n\t<\/section><\/p>\n","protected":false},"excerpt":{"rendered":"","protected":false},"author":1,"featured_media":0,"parent":0,"menu_order":40,"comment_status":"closed","ping_status":"closed","template":"","meta":{"footnotes":""},"class_list":["post-532","page","type-page","status-publish","hentry"],"_links":{"self":[{"href":"https:\/\/leber.org\/eu\/wp-json\/wp\/v2\/pages\/532","targetHints":{"allow":["GET"]}}],"collection":[{"href":"https:\/\/leber.org\/eu\/wp-json\/wp\/v2\/pages"}],"about":[{"href":"https:\/\/leber.org\/eu\/wp-json\/wp\/v2\/types\/page"}],"author":[{"embeddable":true,"href":"https:\/\/leber.org\/eu\/wp-json\/wp\/v2\/users\/1"}],"replies":[{"embeddable":true,"href":"https:\/\/leber.org\/eu\/wp-json\/wp\/v2\/comments?post=532"}],"version-history":[{"count":3,"href":"https:\/\/leber.org\/eu\/wp-json\/wp\/v2\/pages\/532\/revisions"}],"predecessor-version":[{"id":664,"href":"https:\/\/leber.org\/eu\/wp-json\/wp\/v2\/pages\/532\/revisions\/664"}],"wp:attachment":[{"href":"https:\/\/leber.org\/eu\/wp-json\/wp\/v2\/media?parent=532"}],"curies":[{"name":"wp","href":"https:\/\/api.w.org\/{rel}","templated":true}]}}